{"id":60,"date":"2020-03-03T12:13:08","date_gmt":"2020-03-03T11:13:08","guid":{"rendered":"http:\/\/ddauteure.fr\/?page_id=60"},"modified":"2024-03-30T06:43:28","modified_gmt":"2024-03-30T05:43:28","slug":"boutique","status":"publish","type":"page","link":"http:\/\/ddauteure.fr\/index.php\/boutique\/","title":{"rendered":"Boutique"},"content":{"rendered":"\n<p class=\"has-text-align-left has-large-font-size\">Retrouvez tous mes livres en version broch\u00e9e, d\u00e9dicac\u00e9s sur demande.<\/p>\n\n\n\n<figure class=\"wp-block-gallery has-nested-images columns-default is-cropped wp-block-gallery-1 is-layout-flex\">\n<figure class=\"wp-block-image size-large\"><a href=\"https:\/\/delphinedelormeauteure.sumupstore.com\/\" target=\"_blank\" rel=\"noreferrer noopener\"><img decoding=\"async\" loading=\"lazy\" width=\"1024\" height=\"584\" data-id=\"812\"  src=\"http:\/\/ddauteure.fr\/wp-content\/uploads\/2024\/03\/Page-boutique-2-1024x584.png\" alt=\"\" class=\"wp-image-812\" srcset=\"http:\/\/ddauteure.fr\/wp-content\/uploads\/2024\/03\/Page-boutique-2-1024x584.png 1024w, http:\/\/ddauteure.fr\/wp-content\/uploads\/2024\/03\/Page-boutique-2-300x171.png 300w, http:\/\/ddauteure.fr\/wp-content\/uploads\/2024\/03\/Page-boutique-2-768x438.png 768w, http:\/\/ddauteure.fr\/wp-content\/uploads\/2024\/03\/Page-boutique-2-1536x876.png 1536w, http:\/\/ddauteure.fr\/wp-content\/uploads\/2024\/03\/Page-boutique-2.png 1621w\" sizes=\"(max-width: 1024px) 100vw, 1024px\" \/><\/a><\/figure>\n<\/figure>\n","protected":false},"excerpt":{"rendered":"<p>Retrouvez tous mes livres en version broch\u00e9e, d\u00e9dicac\u00e9s sur demande.<\/p>\n","protected":false},"author":1,"featured_media":0,"parent":0,"menu_order":0,"comment_status":"open","ping_status":"closed","template":"","meta":{"_EventAllDay":false,"_EventTimezone":"","_EventStartDate":"","_EventEndDate":"","_EventStartDateUTC":"","_EventEndDateUTC":"","_EventShowMap":false,"_EventShowMapLink":false,"_EventURL":"","_EventCost":"","_EventCostDescription":"","_EventCurrencySymbol":"","_EventCurrencyCode":"","_EventCurrencyPosition":"","_EventDateTimeSeparator":"","_EventTimeRangeSeparator":"","_EventOrganizerID":[],"_EventVenueID":[],"_OrganizerEmail":"","_OrganizerPhone":"","_OrganizerWebsite":"","_VenueAddress":"","_VenueCity":"","_VenueCountry":"","_VenueProvince":"","_VenueState":"","_VenueZip":"","_VenuePhone":"","_VenueURL":"","_VenueStateProvince":"","_VenueLat":"","_VenueLng":"","_VenueShowMap":false,"_VenueShowMapLink":false},"_links":{"self":[{"href":"http:\/\/ddauteure.fr\/index.php\/wp-json\/wp\/v2\/pages\/60"}],"collection":[{"href":"http:\/\/ddauteure.fr\/index.php\/wp-json\/wp\/v2\/pages"}],"about":[{"href":"http:\/\/ddauteure.fr\/index.php\/wp-json\/wp\/v2\/types\/page"}],"author":[{"embeddable":true,"href":"http:\/\/ddauteure.fr\/index.php\/wp-json\/wp\/v2\/users\/1"}],"replies":[{"embeddable":true,"href":"http:\/\/ddauteure.fr\/index.php\/wp-json\/wp\/v2\/comments?post=60"}],"version-history":[{"count":14,"href":"http:\/\/ddauteure.fr\/index.php\/wp-json\/wp\/v2\/pages\/60\/revisions"}],"predecessor-version":[{"id":817,"href":"http:\/\/ddauteure.fr\/index.php\/wp-json\/wp\/v2\/pages\/60\/revisions\/817"}],"wp:attachment":[{"href":"http:\/\/ddauteure.fr\/index.php\/wp-json\/wp\/v2\/media?parent=60"}],"curies":[{"name":"wp","href":"https:\/\/api.w.org\/{rel}","templated":true}]}}